{"id":307,"date":"2026-02-11T15:35:44","date_gmt":"2026-02-11T19:35:44","guid":{"rendered":"https:\/\/bonitocinesur.com.br\/2026\/?page_id=307"},"modified":"2026-02-11T17:10:46","modified_gmt":"2026-02-11T21:10:46","slug":"contato-contacto","status":"publish","type":"page","link":"https:\/\/bonitocinesur.com.br\/2026\/contato-contacto\/","title":{"rendered":"Contato | Contacto"},"content":{"rendered":"<div class=\"wpb-content-wrapper\"><p>[vc_row full_width=&#8221;stretch_row&#8221; gap=&#8221;10&#8243; css=&#8221;.vc_custom_1770843706347{padding-top: 80px !important;background-image: url(https:\/\/bonitocinesur.com.br\/2026\/wp-content\/uploads\/2026\/02\/bcs26-bg-v7.webp?id=106) !important;background-position: center !important;background-repeat: no-repeat !important;background-size: cover !important;}&#8221; min_height=&#8221;600px&#8221;][vc_column][vc_single_image image=&#8221;335&#8243; img_size=&#8221;full&#8221; alignment=&#8221;center&#8221; css=&#8221;&#8221;][\/vc_column][\/vc_row][vc_row full_width=&#8221;stretch_row&#8221; gap=&#8221;10&#8243; css=&#8221;.vc_custom_1770598317347{background-color: #86CA97 !important;}&#8221;][vc_column][vc_column_text css=&#8221;&#8221;]<\/p>\n<h1 style=\"text-align: center;\">Contato | <em>Contacto<\/em><\/h1>\n<p>[\/vc_column_text][\/vc_column][\/vc_row][vc_row gap=&#8221;10&#8243;][vc_column][vc_column_text css=&#8221;&#8221;]<\/p>\n<p style=\"text-align: center;\">Em caso de d\u00favidas, por favor use o formul\u00e1rio abaixo para entrar em contato com a Coordena\u00e7\u00e3o do Festival.<br \/>\n<em>Si tiene alguna pregunta, utilice el siguiente formulario para ponerse en contacto con la Coordinaci\u00f3n del Festival.<\/em><\/p>\n<p>[\/vc_column_text][vc_column_text css=&#8221;&#8221;]<style id=\"wpforms-css-vars-300\">\n\t\t\t\t#wpforms-300 {\n\t\t\t\t--wpforms-field-border-radius: 6px;\n--wpforms-field-border-color: #999999;\n--wpforms-field-border-color-spare: #999999;\n--wpforms-field-text-color: #000000;\n--wpforms-label-color: #633718;\n--wpforms-label-sublabel-color: #a35e29;\n--wpforms-label-error-color: #BF222D;\n--wpforms-button-border-radius: 6px;\n--wpforms-button-background-color: #3AB778;\n--wpforms-container-padding: 0px;\n--wpforms-container-border-width: 1px;\n--wpforms-container-border-radius: 3px;\n--wpforms-background-color: rgba(0, 0, 0, 0);\n--wpforms-field-size-input-height: 43px;\n--wpforms-field-size-input-spacing: 15px;\n--wpforms-field-size-font-size: 16px;\n--wpforms-field-size-line-height: 19px;\n--wpforms-field-size-padding-h: 14px;\n--wpforms-field-size-checkbox-size: 16px;\n--wpforms-field-size-sublabel-spacing: 5px;\n--wpforms-field-size-icon-size: 1;\n--wpforms-label-size-font-size: 16px;\n--wpforms-label-size-line-height: 19px;\n--wpforms-label-size-sublabel-font-size: 14px;\n--wpforms-label-size-sublabel-line-height: 17px;\n--wpforms-button-size-font-size: 17px;\n--wpforms-button-size-height: 41px;\n--wpforms-button-size-padding-h: 15px;\n--wpforms-button-size-margin-top: 10px;\n--wpforms-container-shadow-size-box-shadow: none;\n\t\t\t}\n\t\t\t<\/style><div class=\"wpforms-container wpforms-container-full wpforms-render-modern\" id=\"wpforms-300\"><form id=\"wpforms-form-300\" class=\"wpforms-validate wpforms-form\" data-formid=\"300\" method=\"post\" enctype=\"multipart\/form-data\" action=\"\/2026\/wp-json\/wp\/v2\/pages\/307\" data-token=\"76d3d990cf94e11246171176ae133c02\" data-token-time=\"1778761393\"><noscript class=\"wpforms-error-noscript\">Ative o JavaScript no seu navegador para preencher este formul\u00e1rio.<\/noscript><div id=\"wpforms-error-noscript\" style=\"display: none;\">Ative o JavaScript no seu navegador para preencher este formul\u00e1rio.<\/div><div class=\"wpforms-field-container\"><div id=\"wpforms-300-field_1-container\" class=\"wpforms-field wpforms-field-name\" data-field-id=\"1\"><label class=\"wpforms-field-label\" for=\"wpforms-300-field_1\">Nome completo | Nombre completo <span class=\"wpforms-required-label\" aria-hidden=\"true\">*<\/span><\/label><input type=\"text\" id=\"wpforms-300-field_1\" class=\"wpforms-field-medium wpforms-field-required\" name=\"wpforms[fields][1]\" aria-errormessage=\"wpforms-300-field_1-error\" required><\/div>\t\t<div id=\"wpforms-300-field_4-container\"\n\t\t\tclass=\"wpforms-field wpforms-field-text\"\n\t\t\tdata-field-type=\"text\"\n\t\t\tdata-field-id=\"4\"\n\t\t\t>\n\t\t\t<label class=\"wpforms-field-label\" for=\"wpforms-300-field_4\" >Telefone Nombre |<\/label>\n\t\t\t<input type=\"text\" id=\"wpforms-300-field_4\" class=\"wpforms-field-medium\" name=\"wpforms[fields][4]\" >\n\t\t<\/div>\n\t\t<div id=\"wpforms-300-field_2-container\" class=\"wpforms-field wpforms-field-email\" data-field-id=\"2\"><label class=\"wpforms-field-label\" for=\"wpforms-300-field_2\">E-mail | Correo electr\u00f3nico <span class=\"wpforms-required-label\" aria-hidden=\"true\">*<\/span><\/label><input type=\"email\" id=\"wpforms-300-field_2\" class=\"wpforms-field-medium wpforms-field-required\" name=\"wpforms[fields][2]\" spellcheck=\"false\" aria-errormessage=\"wpforms-300-field_2-error\" required><\/div><div id=\"wpforms-300-field_6-container\" class=\"wpforms-field wpforms-field-text\" data-field-id=\"6\"><label class=\"wpforms-field-label\" for=\"wpforms-300-field_6\">Telefone de contato | Tel\u00e9fono de contacto<\/label><input type=\"text\" id=\"wpforms-300-field_6\" class=\"wpforms-field-medium\" name=\"wpforms[fields][6]\" aria-errormessage=\"wpforms-300-field_6-error\" aria-describedby=\"wpforms-300-field_6-description\" ><div id=\"wpforms-300-field_6-description\" class=\"wpforms-field-description\">Com DDD (se for do Brasil) ou DDI (se for de outro pa\u00eds) | Con c\u00f3digo de \u00e1rea (si es de Brasil) o c\u00f3digo internacional (si es de otro pa\u00eds)<\/div><\/div><div id=\"wpforms-300-field_3-container\" class=\"wpforms-field wpforms-field-textarea\" data-field-id=\"3\"><label class=\"wpforms-field-label\" for=\"wpforms-300-field_3\">D\u00favida, coment\u00e1rio ou mensagem | Pregunta, comentario o mensaje <span class=\"wpforms-required-label\" aria-hidden=\"true\">*<\/span><\/label><textarea id=\"wpforms-300-field_3\" class=\"wpforms-field-medium wpforms-field-required\" name=\"wpforms[fields][3]\" aria-errormessage=\"wpforms-300-field_3-error\" required><\/textarea><\/div><script>\n\t\t\t\t( function() {\n\t\t\t\t\tconst style = document.createElement( 'style' );\n\t\t\t\t\tstyle.appendChild( document.createTextNode( '#wpforms-300-field_4-container { position: absolute !important; overflow: hidden !important; display: inline !important; height: 1px !important; width: 1px !important; z-index: -1000 !important; padding: 0 !important; } #wpforms-300-field_4-container input { visibility: hidden; } #wpforms-conversational-form-page #wpforms-300-field_4-container label { counter-increment: none; }' ) );\n\t\t\t\t\tdocument.head.appendChild( style );\n\t\t\t\t\tdocument.currentScript?.remove();\n\t\t\t\t} )();\n\t\t\t<\/script><\/div><!-- .wpforms-field-container --><div class=\"wpforms-recaptcha-container wpforms-is-recaptcha wpforms-is-recaptcha-type-invisible\" ><div class=\"g-recaptcha\" data-sitekey=\"6LevAWgsAAAAAJX4E_lts-jl8iDP3KDNL5RmGYVC\" data-size=\"invisible\"><\/div><\/div><div class=\"wpforms-submit-container\" ><input type=\"hidden\" name=\"wpforms[id]\" value=\"300\"><input type=\"hidden\" name=\"page_title\" value=\"\"><input type=\"hidden\" name=\"page_url\" value=\"https:\/\/bonitocinesur.com.br\/2026\/wp-json\/wp\/v2\/pages\/307\"><input type=\"hidden\" name=\"url_referer\" value=\"\"><button type=\"submit\" name=\"wpforms[submit]\" id=\"wpforms-submit-300\" class=\"wpforms-submit\" data-alt-text=\"Enviando, por favor aguarde\u2026\" data-submit-text=\"Enviar\" aria-live=\"assertive\" value=\"wpforms-submit\">Enviar<\/button><\/div><\/form><\/div>  <!-- .wpforms-container -->[\/vc_column_text][\/vc_column][\/vc_row]<\/p>\n<\/div>","protected":false},"excerpt":{"rendered":"<p>[vc_row full_width=&#8221;stretch_row&#8221; gap=&#8221;10&#8243; css=&#8221;.vc_custom_1770843706347{padding-top: 80px !important;background-image: url(https:\/\/bonitocinesur.com.br\/2026\/wp-content\/uploads\/2026\/02\/bcs26-bg-v7.webp?id=106) !important;background-position: center !important;background-repeat: no-repeat !important;background-size: cover !important;}&#8221; min_height=&#8221;600px&#8221;][vc_column][vc_single_image image=&#8221;335&#8243; img_size=&#8221;full&#8221; alignment=&#8221;center&#8221; css=&#8221;&#8221;][\/vc_column][\/vc_row][vc_row full_width=&#8221;stretch_row&#8221; [&hellip;]<\/p>\n","protected":false},"author":1,"featured_media":94,"parent":0,"menu_order":0,"comment_status":"closed","ping_status":"closed","template":"","meta":{"site-sidebar-layout":"no-sidebar","site-content-layout":"plain-container","ast-site-content-layout":"default","site-content-style":"default","site-sidebar-style":"default","ast-global-header-display":"","ast-banner-title-visibility":"","ast-main-header-display":"","ast-hfb-above-header-display":"","ast-hfb-below-header-display":"","ast-hfb-mobile-header-display":"","site-post-title":"disabled","ast-breadcrumbs-content":"","ast-featured-img":"disabled","footer-sml-layout":"","ast-disable-related-posts":"","theme-transparent-header-meta":"default","adv-header-id-meta":"","stick-header-meta":"","header-above-stick-meta":"","header-main-stick-meta":"","header-below-stick-meta":"","astra-migrate-meta-layouts":"set","ast-page-background-enabled":"default","ast-page-background-meta":{"desktop":{"background-color":"var(--ast-global-color-5)","background-image":"","background-repeat":"repeat","background-position":"center center","background-size":"auto","background-attachment":"scroll","background-type":"","background-media":"","overlay-type":"","overlay-color":"","overlay-opacity":"","overlay-gradient":""},"tablet":{"background-color":"","background-image":"","background-repeat":"repeat","background-position":"center center","background-size":"auto","background-attachment":"scroll","background-type":"","background-media":"","overlay-type":"","overlay-color":"","overlay-opacity":"","overlay-gradient":""},"mobile":{"background-color":"","background-image":"","background-repeat":"repeat","background-position":"center center","background-size":"auto","background-attachment":"scroll","background-type":"","background-media":"","overlay-type":"","overlay-color":"","overlay-opacity":"","overlay-gradient":""}},"ast-content-background-meta":{"desktop":{"background-color":"var(--ast-global-color-4)","background-image":"","background-repeat":"repeat","background-position":"center center","background-size":"auto","background-attachment":"scroll","background-type":"","background-media":"","overlay-type":"","overlay-color":"","overlay-opacity":"","overlay-gradient":""},"tablet":{"background-color":"var(--ast-global-color-4)","background-image":"","background-repeat":"repeat","background-position":"center center","background-size":"auto","background-attachment":"scroll","background-type":"","background-media":"","overlay-type":"","overlay-color":"","overlay-opacity":"","overlay-gradient":""},"mobile":{"background-color":"var(--ast-global-color-4)","background-image":"","background-repeat":"repeat","background-position":"center center","background-size":"auto","background-attachment":"scroll","background-type":"","background-media":"","overlay-type":"","overlay-color":"","overlay-opacity":"","overlay-gradient":""}},"footnotes":""},"class_list":["post-307","page","type-page","status-publish","has-post-thumbnail","hentry"],"yoast_head":"<!-- This site is optimized with the Yoast SEO plugin v27.5 - https:\/\/yoast.com\/product\/yoast-seo-wordpress\/ -->\n<title>Contato | Contacto &#062; 4\u00ba Bonito CineSur<\/title>\n<meta name=\"description\" content=\"Em caso de d\u00favidas, por favor use o formul\u00e1rio desta p\u00e1gina para entrar em contato com a Coordena\u00e7\u00e3o do Festival.\" \/>\n<meta name=\"robots\" content=\"index, follow, max-snippet:-1, max-image-preview:large, max-video-preview:-1\" \/>\n<link rel=\"canonical\" href=\"https:\/\/bonitocinesur.com.br\/2026\/contato-contacto\/\" \/>\n<meta property=\"og:locale\" content=\"pt_BR\" \/>\n<meta property=\"og:type\" content=\"article\" \/>\n<meta property=\"og:title\" content=\"Contato | Contacto &#062; 4\u00ba Bonito CineSur\" \/>\n<meta property=\"og:description\" content=\"Em caso de d\u00favidas, por favor use o formul\u00e1rio desta p\u00e1gina para entrar em contato com a Coordena\u00e7\u00e3o do Festival.\" \/>\n<meta property=\"og:url\" content=\"https:\/\/bonitocinesur.com.br\/2026\/contato-contacto\/\" \/>\n<meta property=\"og:site_name\" content=\"4\u00ba Bonito CineSur\" \/>\n<meta property=\"article:publisher\" content=\"https:\/\/facebook.com\/bonitocinesur\" \/>\n<meta property=\"article:modified_time\" content=\"2026-02-11T21:10:46+00:00\" \/>\n<meta property=\"og:image\" content=\"https:\/\/bonitocinesur.com.br\/2026\/wp-content\/uploads\/2026\/02\/bcs26-imagem-destaque-v1.webp\" \/>\n\t<meta property=\"og:image:width\" content=\"1280\" \/>\n\t<meta property=\"og:image:height\" content=\"854\" \/>\n\t<meta property=\"og:image:type\" content=\"image\/webp\" \/>\n<meta name=\"twitter:card\" content=\"summary_large_image\" \/>\n<meta name=\"twitter:label1\" content=\"Est. tempo de leitura\" \/>\n\t<meta name=\"twitter:data1\" content=\"1 minuto\" \/>\n<script type=\"application\/ld+json\" class=\"yoast-schema-graph\">{\"@context\":\"https:\\\/\\\/schema.org\",\"@graph\":[{\"@type\":\"WebPage\",\"@id\":\"https:\\\/\\\/bonitocinesur.com.br\\\/2026\\\/contato-contacto\\\/\",\"url\":\"https:\\\/\\\/bonitocinesur.com.br\\\/2026\\\/contato-contacto\\\/\",\"name\":\"Contato | Contacto &#062; 4\u00ba Bonito CineSur\",\"isPartOf\":{\"@id\":\"https:\\\/\\\/bonitocinesur.com.br\\\/2026\\\/#website\"},\"primaryImageOfPage\":{\"@id\":\"https:\\\/\\\/bonitocinesur.com.br\\\/2026\\\/contato-contacto\\\/#primaryimage\"},\"image\":{\"@id\":\"https:\\\/\\\/bonitocinesur.com.br\\\/2026\\\/contato-contacto\\\/#primaryimage\"},\"thumbnailUrl\":\"https:\\\/\\\/bonitocinesur.com.br\\\/2026\\\/wp-content\\\/uploads\\\/2026\\\/02\\\/bcs26-imagem-destaque-v1.webp\",\"datePublished\":\"2026-02-11T19:35:44+00:00\",\"dateModified\":\"2026-02-11T21:10:46+00:00\",\"description\":\"Em caso de d\u00favidas, por favor use o formul\u00e1rio desta p\u00e1gina para entrar em contato com a Coordena\u00e7\u00e3o do Festival.\",\"breadcrumb\":{\"@id\":\"https:\\\/\\\/bonitocinesur.com.br\\\/2026\\\/contato-contacto\\\/#breadcrumb\"},\"inLanguage\":\"pt-BR\",\"potentialAction\":[{\"@type\":\"ReadAction\",\"target\":[\"https:\\\/\\\/bonitocinesur.com.br\\\/2026\\\/contato-contacto\\\/\"]}]},{\"@type\":\"ImageObject\",\"inLanguage\":\"pt-BR\",\"@id\":\"https:\\\/\\\/bonitocinesur.com.br\\\/2026\\\/contato-contacto\\\/#primaryimage\",\"url\":\"https:\\\/\\\/bonitocinesur.com.br\\\/2026\\\/wp-content\\\/uploads\\\/2026\\\/02\\\/bcs26-imagem-destaque-v1.webp\",\"contentUrl\":\"https:\\\/\\\/bonitocinesur.com.br\\\/2026\\\/wp-content\\\/uploads\\\/2026\\\/02\\\/bcs26-imagem-destaque-v1.webp\",\"width\":1280,\"height\":854,\"caption\":\"4\u00ba Bonito CineSur\"},{\"@type\":\"BreadcrumbList\",\"@id\":\"https:\\\/\\\/bonitocinesur.com.br\\\/2026\\\/contato-contacto\\\/#breadcrumb\",\"itemListElement\":[{\"@type\":\"ListItem\",\"position\":1,\"name\":\"In\u00edcio\",\"item\":\"https:\\\/\\\/bonitocinesur.com.br\\\/2026\\\/\"},{\"@type\":\"ListItem\",\"position\":2,\"name\":\"Contato | Contacto\"}]},{\"@type\":\"WebSite\",\"@id\":\"https:\\\/\\\/bonitocinesur.com.br\\\/2026\\\/#website\",\"url\":\"https:\\\/\\\/bonitocinesur.com.br\\\/2026\\\/\",\"name\":\"4\u00ba Bonito CineSur\",\"description\":\"Festival de Cinema Sul-Americano de Bonito\",\"publisher\":{\"@id\":\"https:\\\/\\\/bonitocinesur.com.br\\\/2026\\\/#organization\"},\"alternateName\":\"BCS 2026\",\"potentialAction\":[{\"@type\":\"SearchAction\",\"target\":{\"@type\":\"EntryPoint\",\"urlTemplate\":\"https:\\\/\\\/bonitocinesur.com.br\\\/2026\\\/?s={search_term_string}\"},\"query-input\":{\"@type\":\"PropertyValueSpecification\",\"valueRequired\":true,\"valueName\":\"search_term_string\"}}],\"inLanguage\":\"pt-BR\"},{\"@type\":\"Organization\",\"@id\":\"https:\\\/\\\/bonitocinesur.com.br\\\/2026\\\/#organization\",\"name\":\"Festival de Cinema Sul-Americano de Bonito\",\"alternateName\":\"BCS 2026\",\"url\":\"https:\\\/\\\/bonitocinesur.com.br\\\/2026\\\/\",\"logo\":{\"@type\":\"ImageObject\",\"inLanguage\":\"pt-BR\",\"@id\":\"https:\\\/\\\/bonitocinesur.com.br\\\/2026\\\/#\\\/schema\\\/logo\\\/image\\\/\",\"url\":\"https:\\\/\\\/bonitocinesur.com.br\\\/2026\\\/wp-content\\\/uploads\\\/2026\\\/02\\\/bcs26-imagem-destaque-v1.webp\",\"contentUrl\":\"https:\\\/\\\/bonitocinesur.com.br\\\/2026\\\/wp-content\\\/uploads\\\/2026\\\/02\\\/bcs26-imagem-destaque-v1.webp\",\"width\":1280,\"height\":854,\"caption\":\"Festival de Cinema Sul-Americano de Bonito\"},\"image\":{\"@id\":\"https:\\\/\\\/bonitocinesur.com.br\\\/2026\\\/#\\\/schema\\\/logo\\\/image\\\/\"},\"sameAs\":[\"https:\\\/\\\/facebook.com\\\/bonitocinesur\",\"https:\\\/\\\/instagram.com\\\/bonitocinesur\"]}]}<\/script>\n<!-- \/ Yoast SEO plugin. -->","yoast_head_json":{"title":"Contato | Contacto &#062; 4\u00ba Bonito CineSur","description":"Em caso de d\u00favidas, por favor use o formul\u00e1rio desta p\u00e1gina para entrar em contato com a Coordena\u00e7\u00e3o do Festival.","robots":{"index":"index","follow":"follow","max-snippet":"max-snippet:-1","max-image-preview":"max-image-preview:large","max-video-preview":"max-video-preview:-1"},"canonical":"https:\/\/bonitocinesur.com.br\/2026\/contato-contacto\/","og_locale":"pt_BR","og_type":"article","og_title":"Contato | Contacto &#062; 4\u00ba Bonito CineSur","og_description":"Em caso de d\u00favidas, por favor use o formul\u00e1rio desta p\u00e1gina para entrar em contato com a Coordena\u00e7\u00e3o do Festival.","og_url":"https:\/\/bonitocinesur.com.br\/2026\/contato-contacto\/","og_site_name":"4\u00ba Bonito CineSur","article_publisher":"https:\/\/facebook.com\/bonitocinesur","article_modified_time":"2026-02-11T21:10:46+00:00","og_image":[{"width":1280,"height":854,"url":"https:\/\/bonitocinesur.com.br\/2026\/wp-content\/uploads\/2026\/02\/bcs26-imagem-destaque-v1.webp","type":"image\/webp"}],"twitter_card":"summary_large_image","twitter_misc":{"Est. tempo de leitura":"1 minuto"},"schema":{"@context":"https:\/\/schema.org","@graph":[{"@type":"WebPage","@id":"https:\/\/bonitocinesur.com.br\/2026\/contato-contacto\/","url":"https:\/\/bonitocinesur.com.br\/2026\/contato-contacto\/","name":"Contato | Contacto &#062; 4\u00ba Bonito CineSur","isPartOf":{"@id":"https:\/\/bonitocinesur.com.br\/2026\/#website"},"primaryImageOfPage":{"@id":"https:\/\/bonitocinesur.com.br\/2026\/contato-contacto\/#primaryimage"},"image":{"@id":"https:\/\/bonitocinesur.com.br\/2026\/contato-contacto\/#primaryimage"},"thumbnailUrl":"https:\/\/bonitocinesur.com.br\/2026\/wp-content\/uploads\/2026\/02\/bcs26-imagem-destaque-v1.webp","datePublished":"2026-02-11T19:35:44+00:00","dateModified":"2026-02-11T21:10:46+00:00","description":"Em caso de d\u00favidas, por favor use o formul\u00e1rio desta p\u00e1gina para entrar em contato com a Coordena\u00e7\u00e3o do Festival.","breadcrumb":{"@id":"https:\/\/bonitocinesur.com.br\/2026\/contato-contacto\/#breadcrumb"},"inLanguage":"pt-BR","potentialAction":[{"@type":"ReadAction","target":["https:\/\/bonitocinesur.com.br\/2026\/contato-contacto\/"]}]},{"@type":"ImageObject","inLanguage":"pt-BR","@id":"https:\/\/bonitocinesur.com.br\/2026\/contato-contacto\/#primaryimage","url":"https:\/\/bonitocinesur.com.br\/2026\/wp-content\/uploads\/2026\/02\/bcs26-imagem-destaque-v1.webp","contentUrl":"https:\/\/bonitocinesur.com.br\/2026\/wp-content\/uploads\/2026\/02\/bcs26-imagem-destaque-v1.webp","width":1280,"height":854,"caption":"4\u00ba Bonito CineSur"},{"@type":"BreadcrumbList","@id":"https:\/\/bonitocinesur.com.br\/2026\/contato-contacto\/#breadcrumb","itemListElement":[{"@type":"ListItem","position":1,"name":"In\u00edcio","item":"https:\/\/bonitocinesur.com.br\/2026\/"},{"@type":"ListItem","position":2,"name":"Contato | Contacto"}]},{"@type":"WebSite","@id":"https:\/\/bonitocinesur.com.br\/2026\/#website","url":"https:\/\/bonitocinesur.com.br\/2026\/","name":"4\u00ba Bonito CineSur","description":"Festival de Cinema Sul-Americano de Bonito","publisher":{"@id":"https:\/\/bonitocinesur.com.br\/2026\/#organization"},"alternateName":"BCS 2026","potentialAction":[{"@type":"SearchAction","target":{"@type":"EntryPoint","urlTemplate":"https:\/\/bonitocinesur.com.br\/2026\/?s={search_term_string}"},"query-input":{"@type":"PropertyValueSpecification","valueRequired":true,"valueName":"search_term_string"}}],"inLanguage":"pt-BR"},{"@type":"Organization","@id":"https:\/\/bonitocinesur.com.br\/2026\/#organization","name":"Festival de Cinema Sul-Americano de Bonito","alternateName":"BCS 2026","url":"https:\/\/bonitocinesur.com.br\/2026\/","logo":{"@type":"ImageObject","inLanguage":"pt-BR","@id":"https:\/\/bonitocinesur.com.br\/2026\/#\/schema\/logo\/image\/","url":"https:\/\/bonitocinesur.com.br\/2026\/wp-content\/uploads\/2026\/02\/bcs26-imagem-destaque-v1.webp","contentUrl":"https:\/\/bonitocinesur.com.br\/2026\/wp-content\/uploads\/2026\/02\/bcs26-imagem-destaque-v1.webp","width":1280,"height":854,"caption":"Festival de Cinema Sul-Americano de Bonito"},"image":{"@id":"https:\/\/bonitocinesur.com.br\/2026\/#\/schema\/logo\/image\/"},"sameAs":["https:\/\/facebook.com\/bonitocinesur","https:\/\/instagram.com\/bonitocinesur"]}]}},"_links":{"self":[{"href":"https:\/\/bonitocinesur.com.br\/2026\/wp-json\/wp\/v2\/pages\/307","targetHints":{"allow":["GET"]}}],"collection":[{"href":"https:\/\/bonitocinesur.com.br\/2026\/wp-json\/wp\/v2\/pages"}],"about":[{"href":"https:\/\/bonitocinesur.com.br\/2026\/wp-json\/wp\/v2\/types\/page"}],"author":[{"embeddable":true,"href":"https:\/\/bonitocinesur.com.br\/2026\/wp-json\/wp\/v2\/users\/1"}],"replies":[{"embeddable":true,"href":"https:\/\/bonitocinesur.com.br\/2026\/wp-json\/wp\/v2\/comments?post=307"}],"version-history":[{"count":5,"href":"https:\/\/bonitocinesur.com.br\/2026\/wp-json\/wp\/v2\/pages\/307\/revisions"}],"predecessor-version":[{"id":343,"href":"https:\/\/bonitocinesur.com.br\/2026\/wp-json\/wp\/v2\/pages\/307\/revisions\/343"}],"wp:featuredmedia":[{"embeddable":true,"href":"https:\/\/bonitocinesur.com.br\/2026\/wp-json\/wp\/v2\/media\/94"}],"wp:attachment":[{"href":"https:\/\/bonitocinesur.com.br\/2026\/wp-json\/wp\/v2\/media?parent=307"}],"curies":[{"name":"wp","href":"https:\/\/api.w.org\/{rel}","templated":true}]}}